{"id":4773,"date":"2025-01-30T20:07:17","date_gmt":"2025-01-30T20:07:17","guid":{"rendered":"https:\/\/labhersol.com.mx\/?product=acido-estearico"},"modified":"2025-01-30T20:07:17","modified_gmt":"2025-01-30T20:07:17","slug":"acido-estearico","status":"publish","type":"product","link":"https:\/\/labhersol.com.mx\/en\/product\/acido-estearico\/","title":{"rendered":"\u00c1cido Este\u00e1rico"},"content":{"rendered":"<p>\u00c1cido graso saturado que se usa en cosm\u00e9ticos, jabones y como aditivo industrial.<\/p>","protected":false},"excerpt":{"rendered":"<p>\u00c1cido graso saturado que se usa en cosm\u00e9ticos, jabones y como aditivo industrial.<\/p>","protected":false},"featured_media":0,"template":"","meta":{"powered_cache_disable_cache":false},"product_brand":[],"product_cat":[70],"product_tag":[],"class_list":{"0":"post-4773","1":"product","2":"type-product","3":"status-publish","5":"product_cat-acidos","7":"first","8":"instock","9":"shipping-taxable","10":"product-type-simple"},"_links":{"self":[{"href":"https:\/\/labhersol.com.mx\/en\/wp-json\/wp\/v2\/product\/4773","targetHints":{"allow":["GET"]}}],"collection":[{"href":"https:\/\/labhersol.com.mx\/en\/wp-json\/wp\/v2\/product"}],"about":[{"href":"https:\/\/labhersol.com.mx\/en\/wp-json\/wp\/v2\/types\/product"}],"wp:attachment":[{"href":"https:\/\/labhersol.com.mx\/en\/wp-json\/wp\/v2\/media?parent=4773"}],"wp:term":[{"taxonomy":"product_brand","embeddable":true,"href":"https:\/\/labhersol.com.mx\/en\/wp-json\/wp\/v2\/product_brand?post=4773"},{"taxonomy":"product_cat","embeddable":true,"href":"https:\/\/labhersol.com.mx\/en\/wp-json\/wp\/v2\/product_cat?post=4773"},{"taxonomy":"product_tag","embeddable":true,"href":"https:\/\/labhersol.com.mx\/en\/wp-json\/wp\/v2\/product_tag?post=4773"}],"curies":[{"name":"wp","href":"https:\/\/api.w.org\/{rel}","templated":true}]}}