{"id":4769,"date":"2025-01-30T20:07:16","date_gmt":"2025-01-30T20:07:16","guid":{"rendered":"https:\/\/labhersol.com.mx\/?product=acido-citrico-anhidro"},"modified":"2025-01-30T20:07:16","modified_gmt":"2025-01-30T20:07:16","slug":"acido-citrico-anhidro","status":"publish","type":"product","link":"https:\/\/labhersol.com.mx\/en\/product\/acido-citrico-anhidro\/","title":{"rendered":"\u00c1cido C\u00edtrico Anhidro"},"content":{"rendered":"<p>\u00c1cido org\u00e1nico usado en la industria alimentaria como conservante, antioxidante y regulador de pH.<\/p>","protected":false},"excerpt":{"rendered":"<p>\u00c1cido org\u00e1nico usado en la industria alimentaria como conservante, antioxidante y regulador de pH.<\/p>","protected":false},"featured_media":0,"template":"","meta":{"powered_cache_disable_cache":false},"product_brand":[],"product_cat":[70],"product_tag":[],"class_list":{"0":"post-4769","1":"product","2":"type-product","3":"status-publish","5":"product_cat-acidos","7":"first","8":"instock","9":"shipping-taxable","10":"product-type-simple"},"_links":{"self":[{"href":"https:\/\/labhersol.com.mx\/en\/wp-json\/wp\/v2\/product\/4769","targetHints":{"allow":["GET"]}}],"collection":[{"href":"https:\/\/labhersol.com.mx\/en\/wp-json\/wp\/v2\/product"}],"about":[{"href":"https:\/\/labhersol.com.mx\/en\/wp-json\/wp\/v2\/types\/product"}],"wp:attachment":[{"href":"https:\/\/labhersol.com.mx\/en\/wp-json\/wp\/v2\/media?parent=4769"}],"wp:term":[{"taxonomy":"product_brand","embeddable":true,"href":"https:\/\/labhersol.com.mx\/en\/wp-json\/wp\/v2\/product_brand?post=4769"},{"taxonomy":"product_cat","embeddable":true,"href":"https:\/\/labhersol.com.mx\/en\/wp-json\/wp\/v2\/product_cat?post=4769"},{"taxonomy":"product_tag","embeddable":true,"href":"https:\/\/labhersol.com.mx\/en\/wp-json\/wp\/v2\/product_tag?post=4769"}],"curies":[{"name":"wp","href":"https:\/\/api.w.org\/{rel}","templated":true}]}}