{"id":4766,"date":"2025-01-30T20:07:15","date_gmt":"2025-01-30T20:07:15","guid":{"rendered":"https:\/\/labhersol.com.mx\/?product=acido-acetico-tec-85"},"modified":"2025-01-30T20:07:15","modified_gmt":"2025-01-30T20:07:15","slug":"acido-acetico-tec-85","status":"publish","type":"product","link":"https:\/\/labhersol.com.mx\/en\/product\/acido-acetico-tec-85\/","title":{"rendered":"\u00c1cido Ac\u00e9tico Tec 85%"},"content":{"rendered":"<p>\u00c1cido ac\u00e9tico de calidad t\u00e9cnica utilizado en la industria qu\u00edmica y de alimentos.<\/p>","protected":false},"excerpt":{"rendered":"<p>\u00c1cido ac\u00e9tico de calidad t\u00e9cnica utilizado en la industria qu\u00edmica y de alimentos.<\/p>","protected":false},"featured_media":0,"template":"","meta":{"powered_cache_disable_cache":false},"product_brand":[],"product_cat":[70],"product_tag":[],"class_list":{"0":"post-4766","1":"product","2":"type-product","3":"status-publish","5":"product_cat-acidos","7":"first","8":"instock","9":"shipping-taxable","10":"product-type-simple"},"_links":{"self":[{"href":"https:\/\/labhersol.com.mx\/en\/wp-json\/wp\/v2\/product\/4766","targetHints":{"allow":["GET"]}}],"collection":[{"href":"https:\/\/labhersol.com.mx\/en\/wp-json\/wp\/v2\/product"}],"about":[{"href":"https:\/\/labhersol.com.mx\/en\/wp-json\/wp\/v2\/types\/product"}],"wp:attachment":[{"href":"https:\/\/labhersol.com.mx\/en\/wp-json\/wp\/v2\/media?parent=4766"}],"wp:term":[{"taxonomy":"product_brand","embeddable":true,"href":"https:\/\/labhersol.com.mx\/en\/wp-json\/wp\/v2\/product_brand?post=4766"},{"taxonomy":"product_cat","embeddable":true,"href":"https:\/\/labhersol.com.mx\/en\/wp-json\/wp\/v2\/product_cat?post=4766"},{"taxonomy":"product_tag","embeddable":true,"href":"https:\/\/labhersol.com.mx\/en\/wp-json\/wp\/v2\/product_tag?post=4766"}],"curies":[{"name":"wp","href":"https:\/\/api.w.org\/{rel}","templated":true}]}}