{"id":4760,"date":"2025-01-30T20:07:13","date_gmt":"2025-01-30T20:07:13","guid":{"rendered":"https:\/\/labhersol.com.mx\/?product=acetato-de-amilo"},"modified":"2025-01-30T20:07:13","modified_gmt":"2025-01-30T20:07:13","slug":"acetato-de-amilo","status":"publish","type":"product","link":"https:\/\/labhersol.com.mx\/en\/product\/acetato-de-amilo\/","title":{"rendered":"Acetato de Amilo"},"content":{"rendered":"<p>Ester formado por la reacci\u00f3n del \u00e1cido ac\u00e9tico con el alcohol am\u00edlico. Utilizado como disolvente y en la fabricaci\u00f3n de perfumes.<\/p>","protected":false},"excerpt":{"rendered":"<p>Ester formado por la reacci\u00f3n del \u00e1cido ac\u00e9tico con el alcohol am\u00edlico. Utilizado como disolvente y en la fabricaci\u00f3n de perfumes.<\/p>","protected":false},"featured_media":0,"template":"","meta":{"powered_cache_disable_cache":false},"product_brand":[],"product_cat":[50],"product_tag":[],"class_list":{"0":"post-4760","1":"product","2":"type-product","3":"status-publish","5":"product_cat-acetatos","7":"first","8":"instock","9":"shipping-taxable","10":"product-type-simple"},"_links":{"self":[{"href":"https:\/\/labhersol.com.mx\/en\/wp-json\/wp\/v2\/product\/4760","targetHints":{"allow":["GET"]}}],"collection":[{"href":"https:\/\/labhersol.com.mx\/en\/wp-json\/wp\/v2\/product"}],"about":[{"href":"https:\/\/labhersol.com.mx\/en\/wp-json\/wp\/v2\/types\/product"}],"wp:attachment":[{"href":"https:\/\/labhersol.com.mx\/en\/wp-json\/wp\/v2\/media?parent=4760"}],"wp:term":[{"taxonomy":"product_brand","embeddable":true,"href":"https:\/\/labhersol.com.mx\/en\/wp-json\/wp\/v2\/product_brand?post=4760"},{"taxonomy":"product_cat","embeddable":true,"href":"https:\/\/labhersol.com.mx\/en\/wp-json\/wp\/v2\/product_cat?post=4760"},{"taxonomy":"product_tag","embeddable":true,"href":"https:\/\/labhersol.com.mx\/en\/wp-json\/wp\/v2\/product_tag?post=4760"}],"curies":[{"name":"wp","href":"https:\/\/api.w.org\/{rel}","templated":true}]}}