{"id":4754,"date":"2025-01-30T20:07:11","date_gmt":"2025-01-30T20:07:11","guid":{"rendered":"https:\/\/labhersol.com.mx\/?product=fundente-para-radiador"},"modified":"2025-01-30T20:07:11","modified_gmt":"2025-01-30T20:07:11","slug":"fundente-para-radiador","status":"publish","type":"product","link":"https:\/\/labhersol.com.mx\/en\/product\/fundente-para-radiador\/","title":{"rendered":"Fundente para Radiador"},"content":{"rendered":"<p>Fundente especialmente dise\u00f1ado para soldaduras en radiadores de veh\u00edculos. Su f\u00f3rmula ayuda a prevenir la oxidaci\u00f3n y mejora la uni\u00f3n de materiales como el aluminio y el cobre durante el proceso de reparaci\u00f3n o fabricaci\u00f3n de radiadores, garantizando una excelente resistencia t\u00e9rmica y durabilidad.<\/p>","protected":false},"excerpt":{"rendered":"<p>Fundente especialmente dise\u00f1ado para soldaduras en radiadores de veh\u00edculos. Su f\u00f3rmula ayuda a prevenir la oxidaci\u00f3n y mejora la uni\u00f3n de materiales como el aluminio y el cobre durante el proceso de reparaci\u00f3n o fabricaci\u00f3n de radiadores, garantizando una excelente resistencia t\u00e9rmica y durabilidad.<\/p>","protected":false},"featured_media":0,"template":"","meta":{"powered_cache_disable_cache":false},"product_brand":[],"product_cat":[48],"product_tag":[],"class_list":{"0":"post-4754","1":"product","2":"type-product","3":"status-publish","5":"product_cat-fundentes-para-soldadura","7":"first","8":"instock","9":"shipping-taxable","10":"product-type-simple"},"_links":{"self":[{"href":"https:\/\/labhersol.com.mx\/en\/wp-json\/wp\/v2\/product\/4754","targetHints":{"allow":["GET"]}}],"collection":[{"href":"https:\/\/labhersol.com.mx\/en\/wp-json\/wp\/v2\/product"}],"about":[{"href":"https:\/\/labhersol.com.mx\/en\/wp-json\/wp\/v2\/types\/product"}],"wp:attachment":[{"href":"https:\/\/labhersol.com.mx\/en\/wp-json\/wp\/v2\/media?parent=4754"}],"wp:term":[{"taxonomy":"product_brand","embeddable":true,"href":"https:\/\/labhersol.com.mx\/en\/wp-json\/wp\/v2\/product_brand?post=4754"},{"taxonomy":"product_cat","embeddable":true,"href":"https:\/\/labhersol.com.mx\/en\/wp-json\/wp\/v2\/product_cat?post=4754"},{"taxonomy":"product_tag","embeddable":true,"href":"https:\/\/labhersol.com.mx\/en\/wp-json\/wp\/v2\/product_tag?post=4754"}],"curies":[{"name":"wp","href":"https:\/\/api.w.org\/{rel}","templated":true}]}}