{"id":4753,"date":"2025-01-30T20:07:11","date_gmt":"2025-01-30T20:07:11","guid":{"rendered":"https:\/\/labhersol.com.mx\/?product=fundente-para-estano-liquido"},"modified":"2025-01-30T20:07:11","modified_gmt":"2025-01-30T20:07:11","slug":"fundente-para-estano-liquido","status":"publish","type":"product","link":"https:\/\/labhersol.com.mx\/en\/product\/fundente-para-estano-liquido\/","title":{"rendered":"Fundente para Esta\u00f1o L\u00edquido"},"content":{"rendered":"<p>Fundente dise\u00f1ado para usar con soldadura de esta\u00f1o. Viene en forma l\u00edquida, ayudando a reducir la oxidaci\u00f3n y facilitando una soldadura limpia y eficiente, ideal para trabajos electr\u00f3nicos y de precisi\u00f3n.<\/p>","protected":false},"excerpt":{"rendered":"<p>Fundente dise\u00f1ado para usar con soldadura de esta\u00f1o. Viene en forma l\u00edquida, ayudando a reducir la oxidaci\u00f3n y facilitando una soldadura limpia y eficiente, ideal para trabajos electr\u00f3nicos y de precisi\u00f3n.<\/p>","protected":false},"featured_media":0,"template":"","meta":{"powered_cache_disable_cache":false},"product_brand":[],"product_cat":[48],"product_tag":[],"class_list":{"0":"post-4753","1":"product","2":"type-product","3":"status-publish","5":"product_cat-fundentes-para-soldadura","7":"first","8":"instock","9":"shipping-taxable","10":"product-type-simple"},"_links":{"self":[{"href":"https:\/\/labhersol.com.mx\/en\/wp-json\/wp\/v2\/product\/4753","targetHints":{"allow":["GET"]}}],"collection":[{"href":"https:\/\/labhersol.com.mx\/en\/wp-json\/wp\/v2\/product"}],"about":[{"href":"https:\/\/labhersol.com.mx\/en\/wp-json\/wp\/v2\/types\/product"}],"wp:attachment":[{"href":"https:\/\/labhersol.com.mx\/en\/wp-json\/wp\/v2\/media?parent=4753"}],"wp:term":[{"taxonomy":"product_brand","embeddable":true,"href":"https:\/\/labhersol.com.mx\/en\/wp-json\/wp\/v2\/product_brand?post=4753"},{"taxonomy":"product_cat","embeddable":true,"href":"https:\/\/labhersol.com.mx\/en\/wp-json\/wp\/v2\/product_cat?post=4753"},{"taxonomy":"product_tag","embeddable":true,"href":"https:\/\/labhersol.com.mx\/en\/wp-json\/wp\/v2\/product_tag?post=4753"}],"curies":[{"name":"wp","href":"https:\/\/api.w.org\/{rel}","templated":true}]}}