{"id":4748,"date":"2025-01-30T20:07:09","date_gmt":"2025-01-30T20:07:09","guid":{"rendered":"https:\/\/labhersol.com.mx\/?product=fundente-de-plata-a-55"},"modified":"2025-01-30T20:07:09","modified_gmt":"2025-01-30T20:07:09","slug":"fundente-de-plata-a-55","status":"publish","type":"product","link":"https:\/\/labhersol.com.mx\/en\/product\/fundente-de-plata-a-55\/","title":{"rendered":"Fundente de Plata A-55"},"content":{"rendered":"<p>Fundente utilizado en soldaduras de plata, ideal para aplicaciones en joyer\u00eda o reparaciones en la que se requiere una excelente adhesi\u00f3n y resistencia a la corrosi\u00f3n.<\/p>","protected":false},"excerpt":{"rendered":"<p>Fundente utilizado en soldaduras de plata, ideal para aplicaciones en joyer\u00eda o reparaciones en la que se requiere una excelente adhesi\u00f3n y resistencia a la corrosi\u00f3n.<\/p>","protected":false},"featured_media":0,"template":"","meta":{"powered_cache_disable_cache":false},"product_brand":[],"product_cat":[48],"product_tag":[],"class_list":{"0":"post-4748","1":"product","2":"type-product","3":"status-publish","5":"product_cat-fundentes-para-soldadura","7":"first","8":"instock","9":"shipping-taxable","10":"product-type-simple"},"_links":{"self":[{"href":"https:\/\/labhersol.com.mx\/en\/wp-json\/wp\/v2\/product\/4748","targetHints":{"allow":["GET"]}}],"collection":[{"href":"https:\/\/labhersol.com.mx\/en\/wp-json\/wp\/v2\/product"}],"about":[{"href":"https:\/\/labhersol.com.mx\/en\/wp-json\/wp\/v2\/types\/product"}],"wp:attachment":[{"href":"https:\/\/labhersol.com.mx\/en\/wp-json\/wp\/v2\/media?parent=4748"}],"wp:term":[{"taxonomy":"product_brand","embeddable":true,"href":"https:\/\/labhersol.com.mx\/en\/wp-json\/wp\/v2\/product_brand?post=4748"},{"taxonomy":"product_cat","embeddable":true,"href":"https:\/\/labhersol.com.mx\/en\/wp-json\/wp\/v2\/product_cat?post=4748"},{"taxonomy":"product_tag","embeddable":true,"href":"https:\/\/labhersol.com.mx\/en\/wp-json\/wp\/v2\/product_tag?post=4748"}],"curies":[{"name":"wp","href":"https:\/\/api.w.org\/{rel}","templated":true}]}}