{"id":4746,"date":"2025-01-30T20:07:08","date_gmt":"2025-01-30T20:07:08","guid":{"rendered":"https:\/\/labhersol.com.mx\/?product=diesel-saver"},"modified":"2025-07-24T16:23:43","modified_gmt":"2025-07-24T22:23:43","slug":"diesel-saver","status":"publish","type":"product","link":"https:\/\/labhersol.com.mx\/en\/product\/diesel-saver\/","title":{"rendered":"DIESEL SAVER"},"content":{"rendered":"","protected":false},"excerpt":{"rendered":"<h3 data-start=\"88\" data-end=\"105\">Descripci\u00f3n<\/h3>\n<p data-start=\"106\" data-end=\"294\"><strong data-start=\"106\" data-end=\"165\">Catalizador ahorrador de combustible y anticontaminante<\/strong>, dise\u00f1ado para reordenar las mol\u00e9culas de los combustibles comercializados en M\u00e9xico, mejorando as\u00ed su rendimiento y eficiencia.<\/p>\n<h3 data-start=\"296\" data-end=\"313\">Composici\u00f3n<\/h3>\n<p data-start=\"314\" data-end=\"654\">Formulado con <strong data-start=\"328\" data-end=\"376\">componentes org\u00e1nicos derivados del petr\u00f3leo<\/strong>, principalmente naftalenos, que act\u00faan como conductores principales. Todos los ingredientes son <strong data-start=\"473\" data-end=\"509\">100% biodegradables y no t\u00f3xicos<\/strong>. La dosificaci\u00f3n de <strong data-start=\"530\" data-end=\"546\">DIESEL-SAVER<\/strong> por litro de combustible es tan baja que <strong data-start=\"588\" data-end=\"653\">no deja residuos ni genera efectos secundarios en los motores<\/strong>.<\/p>\n<h3 data-start=\"656\" data-end=\"676\">Funcionamiento<\/h3>\n<p data-start=\"677\" data-end=\"1178\">Durante el proceso de refinaci\u00f3n, tanto el di\u00e9sel como la gasolina contienen <strong data-start=\"754\" data-end=\"779\">mol\u00e9culas aglutinadas<\/strong> que dificultan el paso libre del ox\u00edgeno, impidiendo una combusti\u00f3n eficiente. Estas mol\u00e9culas, al quemarse, generan <strong data-start=\"897\" data-end=\"922\">part\u00edculas de carbono<\/strong>que se liberan en forma de <strong data-start=\"950\" data-end=\"971\">humo contaminante<\/strong>.<br data-start=\"972\" data-end=\"975\" \/><strong data-start=\"975\" data-end=\"991\">DIESEL-SAVER<\/strong> act\u00faa reorganizando estas mol\u00e9culas, permitiendo una mejor interacci\u00f3n con el ox\u00edgeno, lo que se traduce en una <strong data-start=\"1104\" data-end=\"1177\">combusti\u00f3n m\u00e1s limpia, eficiente y con menor emisi\u00f3n de contaminantes<\/strong>.<\/p>\n<h3 data-start=\"677\" data-end=\"1178\">\u00bfQu\u00e9 es?<\/h3>\n<p class=\"p1\"><strong>DIESEL-SAVER<\/strong> modifica la configuraci\u00f3n molecular, deshaciendo los grupos y ordenando las mol\u00e9culas de modo que el ox\u00edgeno fluya libremente esto se traduce como menor viscosidad en el combustible, mayor fluidez en tuber\u00edas, una mejor pulverizaci\u00f3n en los atomizadores y una combusti\u00f3n m\u00e1s uniforme.<\/p>\n<p class=\"p1\">Esta reacci\u00f3n f\u00edsica producir\u00e1 mayor potencia para tu motor, ahorro de combustible, reducci\u00f3n de emisiones t\u00f3xicas y una prolongaci\u00f3n en los tiempos de mantenimiento<\/p>\n<h3 data-start=\"168\" data-end=\"206\">Beneficios del Aditivo para Di\u00e9sel<\/h3>\n<ul data-start=\"208\" data-end=\"648\">\n<li data-start=\"208\" data-end=\"269\">\n<p data-start=\"210\" data-end=\"269\"><strong data-start=\"210\" data-end=\"267\">Ahorro promedio de hasta 15% en el consumo de di\u00e9sel.<\/strong><\/p>\n<\/li>\n<li data-start=\"270\" data-end=\"371\">\n<p data-start=\"272\" data-end=\"371\"><strong data-start=\"272\" data-end=\"334\">Reduce en m\u00e1s del 60% las emisiones de gases contaminantes<\/strong>, dependiendo del estado del motor.<\/p>\n<\/li>\n<li data-start=\"372\" data-end=\"446\">\n<p data-start=\"374\" data-end=\"446\"><strong data-start=\"374\" data-end=\"400\">Optimiza la combusti\u00f3n<\/strong> en motores, calderas, hornos y generadores.<\/p>\n<\/li>\n<li data-start=\"447\" data-end=\"574\">\n<p data-start=\"449\" data-end=\"574\"><strong data-start=\"449\" data-end=\"490\">No da\u00f1a partes pl\u00e1sticas ni met\u00e1licas<\/strong>, ayudando a reducir la corrosi\u00f3n por sulfuros y alargando la vida \u00fatil del motor.<\/p>\n<\/li>\n<li data-start=\"575\" data-end=\"648\">\n<p data-start=\"577\" data-end=\"648\"><strong data-start=\"577\" data-end=\"612\">100% biodegradable y no t\u00f3xico.<\/strong> <em data-start=\"613\" data-end=\"648\">(Dato en proceso de confirmaci\u00f3n)<\/em><\/p>\n<\/li>\n<\/ul>\n<h3 data-start=\"650\" data-end=\"677\">Manejo y almacenamiento<\/h3>\n<ul data-start=\"679\" data-end=\"754\">\n<li data-start=\"679\" data-end=\"719\">\n<p data-start=\"681\" data-end=\"719\">Almacenar en un lugar fresco y seco.<\/p>\n<\/li>\n<li data-start=\"720\" data-end=\"754\">\n<p data-start=\"722\" data-end=\"754\">No exponer a altas temperaturas.<\/p>\n<\/li>\n<\/ul>\n<h3><strong>Usos<\/strong><\/h3>\n<h3 data-start=\"174\" data-end=\"190\">INDUSTRIAL<\/h3>\n<p data-start=\"191\" data-end=\"352\">Atendemos equipos como:<br data-start=\"214\" data-end=\"217\" \/>\u2022 Calderas<br data-start=\"227\" data-end=\"230\" \/>\u2022 Turbinas<br data-start=\"240\" data-end=\"243\" \/>\u2022 Generadores<br data-start=\"256\" data-end=\"259\" \/>\u2022 Maquinaria industrial<br data-start=\"282\" data-end=\"285\" \/>\u2022 Equipos mineros<br data-start=\"302\" data-end=\"305\" \/>\u2022 Equipos sider\u00fargicos<br data-start=\"327\" data-end=\"330\" \/>\u2022 Equipos el\u00e9ctricos<\/p>\n<h3 data-start=\"359\" data-end=\"386\">TRANSPORTE EN GENERAL<\/h3>\n<h4 data-start=\"388\" data-end=\"414\">TRANSPORTE MAR\u00cdTIMO<\/h4>\n<p data-start=\"415\" data-end=\"446\">\u2022 Barcos<br data-start=\"423\" data-end=\"426\" \/>\u2022 Ferris<br data-start=\"434\" data-end=\"437\" \/>\u2022 Yates<\/p>\n<h4 data-start=\"448\" data-end=\"490\">AUTOTRANSPORTE DE PASAJEROS Y CARGA<\/h4>\n<p data-start=\"491\" data-end=\"551\">\u2022 Autobuses<br data-start=\"502\" data-end=\"505\" \/>\u2022 Tractocamiones<br data-start=\"521\" data-end=\"524\" \/>\u2022 Camiones<br data-start=\"534\" data-end=\"537\" \/>\u2022 Camionetas<\/p>\n<h4 data-start=\"553\" data-end=\"582\">TRANSPORTE FERROVIARIO<\/h4>\n<p data-start=\"583\" data-end=\"613\">\u2022 Equipos de tracci\u00f3n di\u00e9sel<\/p>\n<h3 data-start=\"583\" data-end=\"613\">\u00bfQuieres m\u00e1s informaci\u00f3n? Cont\u00e1ctanos.<\/h3>","protected":false},"featured_media":5730,"template":"","meta":{"powered_cache_disable_cache":false},"product_brand":[],"product_cat":[47],"product_tag":[],"class_list":{"0":"post-4746","1":"product","2":"type-product","3":"status-publish","4":"has-post-thumbnail","6":"product_cat-adtivos-para-diesel","8":"first","9":"instock","10":"shipping-taxable","11":"product-type-simple"},"_links":{"self":[{"href":"https:\/\/labhersol.com.mx\/en\/wp-json\/wp\/v2\/product\/4746","targetHints":{"allow":["GET"]}}],"collection":[{"href":"https:\/\/labhersol.com.mx\/en\/wp-json\/wp\/v2\/product"}],"about":[{"href":"https:\/\/labhersol.com.mx\/en\/wp-json\/wp\/v2\/types\/product"}],"wp:featuredmedia":[{"embeddable":true,"href":"https:\/\/labhersol.com.mx\/en\/wp-json\/wp\/v2\/media\/5730"}],"wp:attachment":[{"href":"https:\/\/labhersol.com.mx\/en\/wp-json\/wp\/v2\/media?parent=4746"}],"wp:term":[{"taxonomy":"product_brand","embeddable":true,"href":"https:\/\/labhersol.com.mx\/en\/wp-json\/wp\/v2\/product_brand?post=4746"},{"taxonomy":"product_cat","embeddable":true,"href":"https:\/\/labhersol.com.mx\/en\/wp-json\/wp\/v2\/product_cat?post=4746"},{"taxonomy":"product_tag","embeddable":true,"href":"https:\/\/labhersol.com.mx\/en\/wp-json\/wp\/v2\/product_tag?post=4746"}],"curies":[{"name":"wp","href":"https:\/\/api.w.org\/{rel}","templated":true}]}}