{"id":4743,"date":"2025-01-30T20:07:08","date_gmt":"2025-01-30T20:07:08","guid":{"rendered":"https:\/\/labhersol.com.mx\/?product=tetraborato-de-potasio-molido"},"modified":"2025-04-07T11:11:04","modified_gmt":"2025-04-07T17:11:04","slug":"tetraborato-de-potasio-molido","status":"publish","type":"product","link":"https:\/\/labhersol.com.mx\/en\/product\/tetraborato-de-potasio-molido\/","title":{"rendered":"Tetraborato de Potasio Molido"},"content":{"rendered":"<p>Sal utilizada como fundente en la fabricaci\u00f3n de vidrio, cer\u00e1mica y en procesos industriales de producci\u00f3n de detergentes.<\/p>","protected":false},"excerpt":{"rendered":"<p>Sal utilizada como fundente en la fabricaci\u00f3n de vidrio, cer\u00e1mica y en procesos industriales de producci\u00f3n de detergentes.<\/p>","protected":false},"featured_media":0,"template":"","meta":{"powered_cache_disable_cache":false},"product_brand":[],"product_cat":[45],"product_tag":[],"class_list":{"0":"post-4743","1":"product","2":"type-product","3":"status-publish","5":"product_cat-compuestos-de-boro","7":"first","8":"instock","9":"shipping-taxable","10":"product-type-simple"},"_links":{"self":[{"href":"https:\/\/labhersol.com.mx\/en\/wp-json\/wp\/v2\/product\/4743","targetHints":{"allow":["GET"]}}],"collection":[{"href":"https:\/\/labhersol.com.mx\/en\/wp-json\/wp\/v2\/product"}],"about":[{"href":"https:\/\/labhersol.com.mx\/en\/wp-json\/wp\/v2\/types\/product"}],"wp:attachment":[{"href":"https:\/\/labhersol.com.mx\/en\/wp-json\/wp\/v2\/media?parent=4743"}],"wp:term":[{"taxonomy":"product_brand","embeddable":true,"href":"https:\/\/labhersol.com.mx\/en\/wp-json\/wp\/v2\/product_brand?post=4743"},{"taxonomy":"product_cat","embeddable":true,"href":"https:\/\/labhersol.com.mx\/en\/wp-json\/wp\/v2\/product_cat?post=4743"},{"taxonomy":"product_tag","embeddable":true,"href":"https:\/\/labhersol.com.mx\/en\/wp-json\/wp\/v2\/product_tag?post=4743"}],"curies":[{"name":"wp","href":"https:\/\/api.w.org\/{rel}","templated":true}]}}