{"id":4740,"date":"2025-01-30T20:07:07","date_gmt":"2025-01-30T20:07:07","guid":{"rendered":"https:\/\/labhersol.com.mx\/?product=fluoruro-de-sodio"},"modified":"2025-04-07T10:06:40","modified_gmt":"2025-04-07T16:06:40","slug":"fluoruro-de-sodio","status":"publish","type":"product","link":"https:\/\/labhersol.com.mx\/en\/product\/fluoruro-de-sodio\/","title":{"rendered":"Fluoruro de Sodio"},"content":{"rendered":"<p>Compuesto utilizado principalmente en la fluoraci\u00f3n del agua potable, en la fabricaci\u00f3n de productos de cer\u00e1mica y vidrio, y en el tratamiento de ciertos trastornos dentales.<\/p>","protected":false},"excerpt":{"rendered":"<p>Compuesto utilizado principalmente en la fluoraci\u00f3n del agua potable, en la fabricaci\u00f3n de productos de cer\u00e1mica y vidrio, y en el tratamiento de ciertos trastornos dentales.<\/p>","protected":false},"featured_media":0,"template":"","meta":{"powered_cache_disable_cache":false},"product_brand":[],"product_cat":[44],"product_tag":[],"class_list":{"0":"post-4740","1":"product","2":"type-product","3":"status-publish","5":"product_cat-compuestos-de-fluor","7":"first","8":"instock","9":"shipping-taxable","10":"product-type-simple"},"_links":{"self":[{"href":"https:\/\/labhersol.com.mx\/en\/wp-json\/wp\/v2\/product\/4740","targetHints":{"allow":["GET"]}}],"collection":[{"href":"https:\/\/labhersol.com.mx\/en\/wp-json\/wp\/v2\/product"}],"about":[{"href":"https:\/\/labhersol.com.mx\/en\/wp-json\/wp\/v2\/types\/product"}],"wp:attachment":[{"href":"https:\/\/labhersol.com.mx\/en\/wp-json\/wp\/v2\/media?parent=4740"}],"wp:term":[{"taxonomy":"product_brand","embeddable":true,"href":"https:\/\/labhersol.com.mx\/en\/wp-json\/wp\/v2\/product_brand?post=4740"},{"taxonomy":"product_cat","embeddable":true,"href":"https:\/\/labhersol.com.mx\/en\/wp-json\/wp\/v2\/product_cat?post=4740"},{"taxonomy":"product_tag","embeddable":true,"href":"https:\/\/labhersol.com.mx\/en\/wp-json\/wp\/v2\/product_tag?post=4740"}],"curies":[{"name":"wp","href":"https:\/\/api.w.org\/{rel}","templated":true}]}}