{"id":4738,"date":"2025-01-30T20:07:06","date_gmt":"2025-01-30T20:07:06","guid":{"rendered":"https:\/\/labhersol.com.mx\/?product=fluoruro-de-litio"},"modified":"2025-04-07T09:55:26","modified_gmt":"2025-04-07T15:55:26","slug":"fluoruro-de-litio","status":"publish","type":"product","link":"https:\/\/labhersol.com.mx\/en\/product\/fluoruro-de-litio\/","title":{"rendered":"Fluoruro de Litio"},"content":{"rendered":"<p>Sal que se usa en la fabricaci\u00f3n de bater\u00edas de ion de litio, en la industria qu\u00edmica y en procesos de cer\u00e1mica y vidrio. Tambi\u00e9n se utiliza en la medicina para tratar trastornos neurol\u00f3gicos.<\/p>","protected":false},"excerpt":{"rendered":"<p>Sal que se usa en la fabricaci\u00f3n de bater\u00edas de ion de litio, en la industria qu\u00edmica y en procesos de cer\u00e1mica y vidrio. Tambi\u00e9n se utiliza en la medicina para tratar trastornos neurol\u00f3gicos.<\/p>","protected":false},"featured_media":0,"template":"","meta":{"powered_cache_disable_cache":false},"product_brand":[],"product_cat":[44],"product_tag":[],"class_list":{"0":"post-4738","1":"product","2":"type-product","3":"status-publish","5":"product_cat-compuestos-de-fluor","7":"first","8":"instock","9":"shipping-taxable","10":"product-type-simple"},"_links":{"self":[{"href":"https:\/\/labhersol.com.mx\/en\/wp-json\/wp\/v2\/product\/4738","targetHints":{"allow":["GET"]}}],"collection":[{"href":"https:\/\/labhersol.com.mx\/en\/wp-json\/wp\/v2\/product"}],"about":[{"href":"https:\/\/labhersol.com.mx\/en\/wp-json\/wp\/v2\/types\/product"}],"wp:attachment":[{"href":"https:\/\/labhersol.com.mx\/en\/wp-json\/wp\/v2\/media?parent=4738"}],"wp:term":[{"taxonomy":"product_brand","embeddable":true,"href":"https:\/\/labhersol.com.mx\/en\/wp-json\/wp\/v2\/product_brand?post=4738"},{"taxonomy":"product_cat","embeddable":true,"href":"https:\/\/labhersol.com.mx\/en\/wp-json\/wp\/v2\/product_cat?post=4738"},{"taxonomy":"product_tag","embeddable":true,"href":"https:\/\/labhersol.com.mx\/en\/wp-json\/wp\/v2\/product_tag?post=4738"}],"curies":[{"name":"wp","href":"https:\/\/api.w.org\/{rel}","templated":true}]}}