{"id":4737,"date":"2025-01-30T20:07:06","date_gmt":"2025-01-30T20:07:06","guid":{"rendered":"https:\/\/labhersol.com.mx\/?product=fluorosilicato-de-potasio"},"modified":"2025-04-01T15:44:53","modified_gmt":"2025-04-01T21:44:53","slug":"fluorosilicato-de-potasio","status":"publish","type":"product","link":"https:\/\/labhersol.com.mx\/en\/product\/fluorosilicato-de-potasio\/","title":{"rendered":"Fluorosilicato de Potasio"},"content":{"rendered":"<p>Sal utilizada en la fabricaci\u00f3n de vidrio y en la preparaci\u00f3n de productos qu\u00edmicos. Tambi\u00e9n se emplea en la fluoraci\u00f3n del agua potable.<\/p>","protected":false},"excerpt":{"rendered":"<p>Sal utilizada en la fabricaci\u00f3n de vidrio y en la preparaci\u00f3n de productos qu\u00edmicos. Tambi\u00e9n se emplea en la fluoraci\u00f3n del agua potable.<\/p>","protected":false},"featured_media":0,"template":"","meta":{"powered_cache_disable_cache":false},"product_brand":[],"product_cat":[44],"product_tag":[],"class_list":{"0":"post-4737","1":"product","2":"type-product","3":"status-publish","5":"product_cat-compuestos-de-fluor","7":"first","8":"instock","9":"shipping-taxable","10":"product-type-simple"},"_links":{"self":[{"href":"https:\/\/labhersol.com.mx\/en\/wp-json\/wp\/v2\/product\/4737","targetHints":{"allow":["GET"]}}],"collection":[{"href":"https:\/\/labhersol.com.mx\/en\/wp-json\/wp\/v2\/product"}],"about":[{"href":"https:\/\/labhersol.com.mx\/en\/wp-json\/wp\/v2\/types\/product"}],"wp:attachment":[{"href":"https:\/\/labhersol.com.mx\/en\/wp-json\/wp\/v2\/media?parent=4737"}],"wp:term":[{"taxonomy":"product_brand","embeddable":true,"href":"https:\/\/labhersol.com.mx\/en\/wp-json\/wp\/v2\/product_brand?post=4737"},{"taxonomy":"product_cat","embeddable":true,"href":"https:\/\/labhersol.com.mx\/en\/wp-json\/wp\/v2\/product_cat?post=4737"},{"taxonomy":"product_tag","embeddable":true,"href":"https:\/\/labhersol.com.mx\/en\/wp-json\/wp\/v2\/product_tag?post=4737"}],"curies":[{"name":"wp","href":"https:\/\/api.w.org\/{rel}","templated":true}]}}