{"id":4735,"date":"2025-01-30T20:07:05","date_gmt":"2025-01-30T20:07:05","guid":{"rendered":"https:\/\/labhersol.com.mx\/?product=fluoborato-de-potasio"},"modified":"2025-04-01T15:29:25","modified_gmt":"2025-04-01T21:29:25","slug":"fluoborato-de-potasio","status":"publish","type":"product","link":"https:\/\/labhersol.com.mx\/en\/product\/fluoborato-de-potasio\/","title":{"rendered":"Fluoborato de Potasio"},"content":{"rendered":"<p>Es un compuesto inorg\u00e1nico utilizado principalmente en la fabricaci\u00f3n de vidrio, cer\u00e1mica y en la fluoraci\u00f3n de agua potable. Se utiliza tambi\u00e9n en algunos procesos industriales.<\/p>","protected":false},"excerpt":{"rendered":"<p>Es un compuesto inorg\u00e1nico utilizado principalmente en la fabricaci\u00f3n de vidrio, cer\u00e1mica y en la fluoraci\u00f3n de agua potable. Se utiliza tambi\u00e9n en algunos procesos industriales.<\/p>","protected":false},"featured_media":0,"template":"","meta":{"powered_cache_disable_cache":false},"product_brand":[],"product_cat":[44],"product_tag":[],"class_list":{"0":"post-4735","1":"product","2":"type-product","3":"status-publish","5":"product_cat-compuestos-de-fluor","7":"first","8":"instock","9":"shipping-taxable","10":"product-type-simple"},"_links":{"self":[{"href":"https:\/\/labhersol.com.mx\/en\/wp-json\/wp\/v2\/product\/4735","targetHints":{"allow":["GET"]}}],"collection":[{"href":"https:\/\/labhersol.com.mx\/en\/wp-json\/wp\/v2\/product"}],"about":[{"href":"https:\/\/labhersol.com.mx\/en\/wp-json\/wp\/v2\/types\/product"}],"wp:attachment":[{"href":"https:\/\/labhersol.com.mx\/en\/wp-json\/wp\/v2\/media?parent=4735"}],"wp:term":[{"taxonomy":"product_brand","embeddable":true,"href":"https:\/\/labhersol.com.mx\/en\/wp-json\/wp\/v2\/product_brand?post=4735"},{"taxonomy":"product_cat","embeddable":true,"href":"https:\/\/labhersol.com.mx\/en\/wp-json\/wp\/v2\/product_cat?post=4735"},{"taxonomy":"product_tag","embeddable":true,"href":"https:\/\/labhersol.com.mx\/en\/wp-json\/wp\/v2\/product_tag?post=4735"}],"curies":[{"name":"wp","href":"https:\/\/api.w.org\/{rel}","templated":true}]}}