{"id":4739,"date":"2025-01-30T20:07:07","date_gmt":"2025-01-30T20:07:07","guid":{"rendered":"https:\/\/labhersol.com.mx\/?product=fluoruro-de-potasio"},"modified":"2025-04-07T13:50:31","modified_gmt":"2025-04-07T19:50:31","slug":"fluoruro-de-potasio","status":"publish","type":"product","link":"http:\/\/labhersol.com.mx\/es\/producto\/fluoruro-de-potasio\/","title":{"rendered":"Fluoruro de Potasio"},"content":{"rendered":"<p>Compuesto utilizado en la fluoraci\u00f3n del agua, en la fabricaci\u00f3n de cer\u00e1mica y vidrio, y en algunos procesos qu\u00edmicos industriales.<\/p>\n","protected":false},"excerpt":{"rendered":"<p>Compuesto utilizado en la fluoraci\u00f3n del agua, en la fabricaci\u00f3n de cer\u00e1mica y vidrio, y en algunos procesos qu\u00edmicos industriales.<\/p>\n","protected":false},"featured_media":0,"template":"","meta":{"powered_cache_disable_cache":false},"product_brand":[],"product_cat":[44],"product_tag":[],"class_list":{"0":"post-4739","1":"product","2":"type-product","3":"status-publish","5":"product_cat-compuestos-de-fluor","7":"first","8":"instock","9":"shipping-taxable","10":"product-type-simple"},"_links":{"self":[{"href":"http:\/\/labhersol.com.mx\/es\/wp-json\/wp\/v2\/product\/4739","targetHints":{"allow":["GET"]}}],"collection":[{"href":"http:\/\/labhersol.com.mx\/es\/wp-json\/wp\/v2\/product"}],"about":[{"href":"http:\/\/labhersol.com.mx\/es\/wp-json\/wp\/v2\/types\/product"}],"wp:attachment":[{"href":"http:\/\/labhersol.com.mx\/es\/wp-json\/wp\/v2\/media?parent=4739"}],"wp:term":[{"taxonomy":"product_brand","embeddable":true,"href":"http:\/\/labhersol.com.mx\/es\/wp-json\/wp\/v2\/product_brand?post=4739"},{"taxonomy":"product_cat","embeddable":true,"href":"http:\/\/labhersol.com.mx\/es\/wp-json\/wp\/v2\/product_cat?post=4739"},{"taxonomy":"product_tag","embeddable":true,"href":"http:\/\/labhersol.com.mx\/es\/wp-json\/wp\/v2\/product_tag?post=4739"}],"curies":[{"name":"wp","href":"https:\/\/api.w.org\/{rel}","templated":true}]}}