{"id":4879,"date":"2025-01-30T20:07:50","date_gmt":"2025-01-30T20:07:50","guid":{"rendered":"https:\/\/labhersol.com.mx\/?product=colorante-azul-mexaver-rl-9-x-2"},"modified":"2025-01-30T20:07:50","modified_gmt":"2025-01-30T20:07:50","slug":"colorante-azul-mexaver-rl-9-x-2","status":"publish","type":"product","link":"http:\/\/labhersol.com.mx\/en\/product\/colorante-azul-mexaver-rl-9-x-2\/","title":{"rendered":"Colorante Azul Mexaver RL 9 X"},"content":{"rendered":"<p>Colorante sint\u00e9tico utilizado en textiles, cosm\u00e9ticos y productos farmac\u00e9uticos.<\/p>","protected":false},"excerpt":{"rendered":"<p>Colorante sint\u00e9tico utilizado en textiles, cosm\u00e9ticos y productos farmac\u00e9uticos.<\/p>","protected":false},"featured_media":0,"template":"","meta":{"powered_cache_disable_cache":false},"product_brand":[],"product_cat":[61],"product_tag":[],"class_list":{"0":"post-4879","1":"product","2":"type-product","3":"status-publish","5":"product_cat-colores","7":"first","8":"instock","9":"shipping-taxable","10":"product-type-simple"},"_links":{"self":[{"href":"http:\/\/labhersol.com.mx\/en\/wp-json\/wp\/v2\/product\/4879","targetHints":{"allow":["GET"]}}],"collection":[{"href":"http:\/\/labhersol.com.mx\/en\/wp-json\/wp\/v2\/product"}],"about":[{"href":"http:\/\/labhersol.com.mx\/en\/wp-json\/wp\/v2\/types\/product"}],"wp:attachment":[{"href":"http:\/\/labhersol.com.mx\/en\/wp-json\/wp\/v2\/media?parent=4879"}],"wp:term":[{"taxonomy":"product_brand","embeddable":true,"href":"http:\/\/labhersol.com.mx\/en\/wp-json\/wp\/v2\/product_brand?post=4879"},{"taxonomy":"product_cat","embeddable":true,"href":"http:\/\/labhersol.com.mx\/en\/wp-json\/wp\/v2\/product_cat?post=4879"},{"taxonomy":"product_tag","embeddable":true,"href":"http:\/\/labhersol.com.mx\/en\/wp-json\/wp\/v2\/product_tag?post=4879"}],"curies":[{"name":"wp","href":"https:\/\/api.w.org\/{rel}","templated":true}]}}