{"id":4744,"date":"2025-01-30T20:07:08","date_gmt":"2025-01-30T20:07:08","guid":{"rendered":"https:\/\/labhersol.com.mx\/?product=oxalato-de-potasio"},"modified":"2025-04-07T10:43:42","modified_gmt":"2025-04-07T16:43:42","slug":"oxalato-de-potasio","status":"publish","type":"product","link":"http:\/\/labhersol.com.mx\/en\/product\/oxalato-de-potasio\/","title":{"rendered":"Oxalato de Potasio"},"content":{"rendered":"<p>Compuesto qu\u00edmico que se usa como reactivo en la industria de an\u00e1lisis qu\u00edmico y en algunos procesos de fabricaci\u00f3n, como la producci\u00f3n de algunos metales y compuestos.<\/p>","protected":false},"excerpt":{"rendered":"<p>Compuesto qu\u00edmico que se usa como reactivo en la industria de an\u00e1lisis qu\u00edmico y en algunos procesos de fabricaci\u00f3n, como la producci\u00f3n de algunos metales y compuestos.<\/p>","protected":false},"featured_media":0,"template":"","meta":{"powered_cache_disable_cache":false},"product_brand":[],"product_cat":[46],"product_tag":[],"class_list":{"0":"post-4744","1":"product","2":"type-product","3":"status-publish","5":"product_cat-oxalatos","7":"first","8":"instock","9":"shipping-taxable","10":"product-type-simple"},"_links":{"self":[{"href":"http:\/\/labhersol.com.mx\/en\/wp-json\/wp\/v2\/product\/4744","targetHints":{"allow":["GET"]}}],"collection":[{"href":"http:\/\/labhersol.com.mx\/en\/wp-json\/wp\/v2\/product"}],"about":[{"href":"http:\/\/labhersol.com.mx\/en\/wp-json\/wp\/v2\/types\/product"}],"wp:attachment":[{"href":"http:\/\/labhersol.com.mx\/en\/wp-json\/wp\/v2\/media?parent=4744"}],"wp:term":[{"taxonomy":"product_brand","embeddable":true,"href":"http:\/\/labhersol.com.mx\/en\/wp-json\/wp\/v2\/product_brand?post=4744"},{"taxonomy":"product_cat","embeddable":true,"href":"http:\/\/labhersol.com.mx\/en\/wp-json\/wp\/v2\/product_cat?post=4744"},{"taxonomy":"product_tag","embeddable":true,"href":"http:\/\/labhersol.com.mx\/en\/wp-json\/wp\/v2\/product_tag?post=4744"}],"curies":[{"name":"wp","href":"https:\/\/api.w.org\/{rel}","templated":true}]}}